{"id":7,"date":"2014-04-28T15:15:25","date_gmt":"2014-04-28T13:15:25","guid":{"rendered":"http:\/\/ullrich.flid.de\/?page_id=7"},"modified":"2026-04-24T10:58:02","modified_gmt":"2026-04-24T08:58:02","slug":"unser-haus","status":"publish","type":"page","link":"https:\/\/www.waldfried-gladenbach.de\/","title":{"rendered":""},"content":{"rendered":"<h1 style=\"text-align: center;\"><span style=\"color: #008000;\"><strong>Herzlich Willkommen!<\/strong><\/span><\/h1>\n<h4 style=\"text-align: center;\"><span style=\"font-size: 14pt;\"><strong><span style=\"color: #008000;\">Sch\u00f6n dass Sie unsere Seite gew\u00e4hlt haben.<\/span><\/strong><\/span><\/h4>\n<p><strong><span style=\"color: #008000; font-size: 14pt;\">Sehen Sie sich in Ruhe die wundersch\u00f6ne Lage von Gladenbach an, die Lage unseres Hauses mit den komfortabel und gem\u00fctlich eingerichteten Wohnungen und das Grundst\u00fcck in S\u00fcdhanglage.<\/span><\/strong><\/p>\n<p>&nbsp;<\/p>\n<p>&nbsp;<\/p>\n<p><span style=\"color: #000000;\"><strong>\u00a0<\/strong><\/span><\/p>\n","protected":false},"excerpt":{"rendered":"<p>Herzlich Willkommen! Sch\u00f6n dass Sie unsere Seite gew\u00e4hlt haben. Sehen Sie sich in Ruhe die wundersch\u00f6ne Lage von Gladenbach an, die Lage unseres Hauses mit den komfortabel und gem\u00fctlich eingerichteten Wohnungen und das Grundst\u00fcck in S\u00fcdhanglage. &nbsp; &nbsp; \u00a0<\/p>\n","protected":false},"author":3,"featured_media":926,"parent":0,"menu_order":0,"comment_status":"closed","ping_status":"closed","template":"","meta":{"footnotes":""},"class_list":["post-7","page","type-page","status-publish","has-post-thumbnail","hentry"],"_links":{"self":[{"href":"https:\/\/www.waldfried-gladenbach.de\/index.php?rest_route=\/wp\/v2\/pages\/7","targetHints":{"allow":["GET"]}}],"collection":[{"href":"https:\/\/www.waldfried-gladenbach.de\/index.php?rest_route=\/wp\/v2\/pages"}],"about":[{"href":"https:\/\/www.waldfried-gladenbach.de\/index.php?rest_route=\/wp\/v2\/types\/page"}],"author":[{"embeddable":true,"href":"https:\/\/www.waldfried-gladenbach.de\/index.php?rest_route=\/wp\/v2\/users\/3"}],"replies":[{"embeddable":true,"href":"https:\/\/www.waldfried-gladenbach.de\/index.php?rest_route=%2Fwp%2Fv2%2Fcomments&post=7"}],"version-history":[{"count":18,"href":"https:\/\/www.waldfried-gladenbach.de\/index.php?rest_route=\/wp\/v2\/pages\/7\/revisions"}],"predecessor-version":[{"id":879,"href":"https:\/\/www.waldfried-gladenbach.de\/index.php?rest_route=\/wp\/v2\/pages\/7\/revisions\/879"}],"wp:featuredmedia":[{"embeddable":true,"href":"https:\/\/www.waldfried-gladenbach.de\/index.php?rest_route=\/wp\/v2\/media\/926"}],"wp:attachment":[{"href":"https:\/\/www.waldfried-gladenbach.de\/index.php?rest_route=%2Fwp%2Fv2%2Fmedia&parent=7"}],"curies":[{"name":"wp","href":"https:\/\/api.w.org\/{rel}","templated":true}]}}