{"id":67,"date":"2014-05-09T22:14:49","date_gmt":"2014-05-09T20:14:49","guid":{"rendered":"http:\/\/ullrich.flid.de\/?page_id=67"},"modified":"2024-11-20T11:34:01","modified_gmt":"2024-11-20T09:34:01","slug":"wohnung-1","status":"publish","type":"page","link":"https:\/\/www.waldfried-gladenbach.de\/?page_id=67","title":{"rendered":"Wohnung 1"},"content":{"rendered":"<h4 style=\"text-align: justify;\"><span style=\"color: #008000;\"><strong><span style=\"font-size: 14pt;\">Unsere Ferienwohnung ist ca. 70 qm gro\u00df und verf\u00fcgt \u00fcber ein Wohnzimmer, ein Schlafzimmer, Esszimmer und K\u00fcche mit Abstellraum und ein Bad. Satelliten-TV sowie ein ISDN Direktwahl- Telefon, DSL- Internetanschluss, eine Alarmanlage und Rauchmelder sind ebenfalls<\/span><\/strong> <span style=\"font-size: 14pt;\"><strong>vorhanden.\u00a0<\/strong><\/span><\/span><span style=\"font-size: 14pt;\"><strong><span style=\"color: #008000;\">Die Wohnung hat einen separaten Hauseingang mit abgeschlossenem Korridor. Ein ans Haus angrenzender Wintergarten sowie Liegest\u00fchle und ein gem\u00fctlicher Pavillon stehen Ihnen nat\u00fcrlich auch zur Verf\u00fcgung.<\/span><\/strong><\/span><\/h4>\n<h4><span style=\"font-size: 14pt;\"><strong><span style=\"color: #008000;\">Bettw\u00e4sche und Handt\u00fccher werden gestellt.<\/span><\/strong><\/span><\/h4>\n<p>&nbsp;<\/p>\n<p><img loading=\"lazy\" decoding=\"async\" src=\"http:\/\/www.waldfried-gladenbach.de\/wp-content\/uploads\/2014\/05\/Wohnzimmer-neu-gross_001.jpg\" alt=\"\" width=\"619\" height=\"475\" \/><\/p>\n<h4 style=\"text-align: justify;\"><strong><span style=\"color: #008000; font-size: 14pt;\">Das k\u00f6nnte \u201cIhr\u201d Wohnzimmer sein, hier finden Sie Ruhe und Entspannung. In unserer liebevoll eingerichteten Ferienwohnung f\u00fcr bis zu drei Personen wird Ihnen ein Aufenthalt in Gladenbach in guter Erinnerung bleiben.<\/span><\/strong><\/h4>\n<p><img loading=\"lazy\" decoding=\"async\" class=\"\" src=\"http:\/\/www.waldfried-gladenbach.de\/wp-content\/uploads\/2014\/05\/Schlafz.-F1-gross.jpg\" alt=\"\" width=\"617\" height=\"581\" \/><\/p>\n<h4><strong><span style=\"color: #008000; font-size: 14pt;\">Das richtige Ambiente f\u00fcr einen erholsamen Schlaf<\/span><\/strong><\/h4>\n<h4><\/h4>\n<p><img loading=\"lazy\" decoding=\"async\" class=\"\" src=\"http:\/\/www.waldfried-gladenbach.de\/wp-content\/uploads\/2014\/05\/Kuche_FW_I_004_neu.jpg\" alt=\"\" width=\"573\" height=\"538\" \/><\/p>\n<h4><strong><span style=\"color: #008000; font-size: 14pt;\">Eine sehr gut ausgestattete K\u00fcche mit 4-Platten Ceranfeld, K\u00fchlschrank, Waschmaschine, Mikrowelle, Wasserkocher, Eierkocher, Kaffeemaschine, Toaster, eine gro\u00dfe Arbeitsfl\u00e4che und vieles mehr.<\/span><\/strong><\/h4>\n<p>&nbsp;<\/p>\n<p><img loading=\"lazy\" decoding=\"async\" class=\"alignnone wp-image-477\" src=\"http:\/\/www.waldfried-gladenbach.de\/wp-content\/uploads\/2014\/05\/IMG_1746.jpg\" alt=\"IMG_1746\" width=\"648\" height=\"486\" srcset=\"https:\/\/www.waldfried-gladenbach.de\/wp-content\/uploads\/2014\/05\/IMG_1746.jpg 3333w, https:\/\/www.waldfried-gladenbach.de\/wp-content\/uploads\/2014\/05\/IMG_1746-300x225.jpg 300w, https:\/\/www.waldfried-gladenbach.de\/wp-content\/uploads\/2014\/05\/IMG_1746-768x576.jpg 768w, https:\/\/www.waldfried-gladenbach.de\/wp-content\/uploads\/2014\/05\/IMG_1746-1024x768.jpg 1024w, https:\/\/www.waldfried-gladenbach.de\/wp-content\/uploads\/2014\/05\/IMG_1746-810x608.jpg 810w\" sizes=\"auto, (max-width: 648px) 100vw, 648px\" \/><img loading=\"lazy\" decoding=\"async\" class=\"alignnone wp-image-476\" src=\"http:\/\/www.waldfried-gladenbach.de\/wp-content\/uploads\/2014\/05\/IMG_1744-1.jpg\" alt=\"IMG_1744 (1)\" width=\"648\" height=\"486\" srcset=\"https:\/\/www.waldfried-gladenbach.de\/wp-content\/uploads\/2014\/05\/IMG_1744-1.jpg 3333w, https:\/\/www.waldfried-gladenbach.de\/wp-content\/uploads\/2014\/05\/IMG_1744-1-300x225.jpg 300w, https:\/\/www.waldfried-gladenbach.de\/wp-content\/uploads\/2014\/05\/IMG_1744-1-768x576.jpg 768w, https:\/\/www.waldfried-gladenbach.de\/wp-content\/uploads\/2014\/05\/IMG_1744-1-1024x768.jpg 1024w, https:\/\/www.waldfried-gladenbach.de\/wp-content\/uploads\/2014\/05\/IMG_1744-1-810x608.jpg 810w\" sizes=\"auto, (max-width: 648px) 100vw, 648px\" \/><\/p>\n<h4><strong><span style=\"color: #008000; font-size: 14pt;\">Ein exklusives Esszimmer &#8211; auch f\u00fcr Ihre G\u00e4ste<\/span><\/strong><\/h4>\n<p>&nbsp;<\/p>\n<p>&nbsp;<\/p>\n<p><img loading=\"lazy\" decoding=\"async\" class=\"alignnone wp-image-486\" src=\"http:\/\/www.waldfried-gladenbach.de\/wp-content\/uploads\/2014\/05\/IMG_1759.jpg\" alt=\"IMG_1759\" width=\"646\" height=\"485\" srcset=\"https:\/\/www.waldfried-gladenbach.de\/wp-content\/uploads\/2014\/05\/IMG_1759.jpg 3500w, https:\/\/www.waldfried-gladenbach.de\/wp-content\/uploads\/2014\/05\/IMG_1759-300x225.jpg 300w, https:\/\/www.waldfried-gladenbach.de\/wp-content\/uploads\/2014\/05\/IMG_1759-768x576.jpg 768w, https:\/\/www.waldfried-gladenbach.de\/wp-content\/uploads\/2014\/05\/IMG_1759-1024x768.jpg 1024w, https:\/\/www.waldfried-gladenbach.de\/wp-content\/uploads\/2014\/05\/IMG_1759-810x608.jpg 810w\" sizes=\"auto, (max-width: 646px) 100vw, 646px\" \/><\/p>\n<h4><strong><span style=\"color: #008000; font-size: 14pt;\">Ein Bad gibt es auch<\/span><\/strong><\/h4>\n<p>&nbsp;<\/p>\n<p>&nbsp;<\/p>\n","protected":false},"excerpt":{"rendered":"<p>Unsere Ferienwohnung ist ca. 70 qm gro\u00df und verf\u00fcgt \u00fcber ein Wohnzimmer, ein Schlafzimmer, Esszimmer und K\u00fcche mit Abstellraum und ein Bad. Satelliten-TV sowie ein ISDN Direktwahl- Telefon, DSL- Internetanschluss, eine Alarmanlage und Rauchmelder sind ebenfalls vorhanden.\u00a0Die Wohnung hat einen separaten Hauseingang mit abgeschlossenem Korridor. Ein ans Haus angrenzender Wintergarten sowie Liegest\u00fchle und ein gem\u00fctlicher [&hellip;]<\/p>\n","protected":false},"author":3,"featured_media":0,"parent":0,"menu_order":3,"comment_status":"closed","ping_status":"closed","template":"","meta":{"footnotes":""},"class_list":["post-67","page","type-page","status-publish","hentry"],"_links":{"self":[{"href":"https:\/\/www.waldfried-gladenbach.de\/index.php?rest_route=\/wp\/v2\/pages\/67","targetHints":{"allow":["GET"]}}],"collection":[{"href":"https:\/\/www.waldfried-gladenbach.de\/index.php?rest_route=\/wp\/v2\/pages"}],"about":[{"href":"https:\/\/www.waldfried-gladenbach.de\/index.php?rest_route=\/wp\/v2\/types\/page"}],"author":[{"embeddable":true,"href":"https:\/\/www.waldfried-gladenbach.de\/index.php?rest_route=\/wp\/v2\/users\/3"}],"replies":[{"embeddable":true,"href":"https:\/\/www.waldfried-gladenbach.de\/index.php?rest_route=%2Fwp%2Fv2%2Fcomments&post=67"}],"version-history":[{"count":28,"href":"https:\/\/www.waldfried-gladenbach.de\/index.php?rest_route=\/wp\/v2\/pages\/67\/revisions"}],"predecessor-version":[{"id":889,"href":"https:\/\/www.waldfried-gladenbach.de\/index.php?rest_route=\/wp\/v2\/pages\/67\/revisions\/889"}],"wp:attachment":[{"href":"https:\/\/www.waldfried-gladenbach.de\/index.php?rest_route=%2Fwp%2Fv2%2Fmedia&parent=67"}],"curies":[{"name":"wp","href":"https:\/\/api.w.org\/{rel}","templated":true}]}}