{"id":60,"date":"2014-05-09T21:30:14","date_gmt":"2014-05-09T19:30:14","guid":{"rendered":"http:\/\/ullrich.flid.de\/?page_id=60"},"modified":"2024-11-20T10:55:37","modified_gmt":"2024-11-20T08:55:37","slug":"unser-haus-2","status":"publish","type":"page","link":"https:\/\/www.waldfried-gladenbach.de\/?page_id=60","title":{"rendered":"Haus  und Garten"},"content":{"rendered":"<p><img loading=\"lazy\" decoding=\"async\" class=\"alignnone wp-image-203 size-full\" src=\"http:\/\/www.waldfried-gladenbach.de\/wp-content\/uploads\/2014\/05\/Hausfront-gross.jpg\" alt=\"Haus\" width=\"640\" height=\"480\" srcset=\"https:\/\/www.waldfried-gladenbach.de\/wp-content\/uploads\/2014\/05\/Hausfront-gross.jpg 640w, https:\/\/www.waldfried-gladenbach.de\/wp-content\/uploads\/2014\/05\/Hausfront-gross-300x225.jpg 300w\" sizes=\"auto, (max-width: 640px) 100vw, 640px\" \/><br \/>\n<img decoding=\"async\" src=\"http:\/\/www.waldfried-gladenbach.de\/wp-content\/uploads\/2014\/05\/Haus_klein_21.jpg\" alt=\"\" \/><img decoding=\"async\" src=\"http:\/\/www.waldfried-gladenbach.de\/wp-content\/uploads\/2014\/05\/Pergola-klein.jpg\" alt=\"\" \/><\/p>\n<p><a href=\"http:\/\/www.waldfried-gladenbach.de\/wp-content\/uploads\/2014\/05\/Bilder_f._Homepage41.jpg\"><img loading=\"lazy\" decoding=\"async\" src=\"http:\/\/www.waldfried-gladenbach.de\/wp-content\/uploads\/2014\/05\/Bilder_f._Homepage41.jpg\" alt=\"OLYMPUS DIGITAL CAMERA\" width=\"320\" height=\"240\" \/><\/a><a href=\"http:\/\/www.waldfried-gladenbach.de\/wp-content\/uploads\/2014\/05\/Pavillon-neu-010-Kopie.jpg\"><img loading=\"lazy\" decoding=\"async\" class=\"\" src=\"http:\/\/www.waldfried-gladenbach.de\/wp-content\/uploads\/2014\/05\/Pavillon-neu-010-Kopie.jpg\" alt=\"\" width=\"320\" height=\"240\" \/><\/a><\/p>\n<h4><strong><span style=\"color: #008000;\">Sie m\u00f6chten gerne die Natur genie\u00dfen? \u00a0Direkt vom Grundst\u00fcck aus f\u00fchren mehrere ausgewiesene Wanderwege durch Wald und Flur. Oder Sie nutzen die Liegest\u00fchle und den gem\u00fctlichen Pavillon mit Terrasse und Fernblick.\u00a0<\/span><\/strong><\/h4>\n<p>&nbsp;<\/p>\n","protected":false},"excerpt":{"rendered":"<p>Sie m\u00f6chten gerne die Natur genie\u00dfen? \u00a0Direkt vom Grundst\u00fcck aus f\u00fchren mehrere ausgewiesene Wanderwege durch Wald und Flur. Oder Sie nutzen die Liegest\u00fchle und den gem\u00fctlichen Pavillon mit Terrasse und Fernblick.\u00a0 &nbsp;<\/p>\n","protected":false},"author":3,"featured_media":0,"parent":0,"menu_order":2,"comment_status":"closed","ping_status":"closed","template":"","meta":{"footnotes":""},"class_list":["post-60","page","type-page","status-publish","hentry"],"_links":{"self":[{"href":"https:\/\/www.waldfried-gladenbach.de\/index.php?rest_route=\/wp\/v2\/pages\/60","targetHints":{"allow":["GET"]}}],"collection":[{"href":"https:\/\/www.waldfried-gladenbach.de\/index.php?rest_route=\/wp\/v2\/pages"}],"about":[{"href":"https:\/\/www.waldfried-gladenbach.de\/index.php?rest_route=\/wp\/v2\/types\/page"}],"author":[{"embeddable":true,"href":"https:\/\/www.waldfried-gladenbach.de\/index.php?rest_route=\/wp\/v2\/users\/3"}],"replies":[{"embeddable":true,"href":"https:\/\/www.waldfried-gladenbach.de\/index.php?rest_route=%2Fwp%2Fv2%2Fcomments&post=60"}],"version-history":[{"count":19,"href":"https:\/\/www.waldfried-gladenbach.de\/index.php?rest_route=\/wp\/v2\/pages\/60\/revisions"}],"predecessor-version":[{"id":880,"href":"https:\/\/www.waldfried-gladenbach.de\/index.php?rest_route=\/wp\/v2\/pages\/60\/revisions\/880"}],"wp:attachment":[{"href":"https:\/\/www.waldfried-gladenbach.de\/index.php?rest_route=%2Fwp%2Fv2%2Fmedia&parent=60"}],"curies":[{"name":"wp","href":"https:\/\/api.w.org\/{rel}","templated":true}]}}